 {"id":3,"date":"2023-02-07T20:55:01","date_gmt":"2023-02-07T23:55:01","guid":{"rendered":"http:\/\/localhost\/load\/boilerplate_wp\/?page_id=3"},"modified":"2023-02-07T20:58:14","modified_gmt":"2023-02-07T23:58:14","slug":"politica-de-privacidade","status":"publish","type":"page","link":"https:\/\/bramagran.com.br\/en\/politica-de-privacidade\/","title":{"rendered":"Pol\u00edtica de privacidade"},"content":{"rendered":"\n<h1 class=\"wp-block-heading\">Navega\u00e7\u00e3o<\/h1>\n\n\n\n<p>Quando qualquer usu\u00e1rio navega em nosso site, automaticamente s\u00e3o instalados cookies no navegador usado, e a cada p\u00e1gina que voc\u00ea navegar tamb\u00e9m poder\u00e3o ser eventualmente instalados cookies ou outros marcadores que ter\u00e3o suas funcionalidades. Tomaremos todas as medidas para que a coleta e tratamento dos dados sejam feitas de forma totalmente anonimizada, impedindo a identifica\u00e7\u00e3o direta dos nossos usu\u00e1rios, salvo no caso de usu\u00e1rios cadastrados e identificados. N\u00f3s n\u00e3o armazenaremos os sites em que voc\u00ea navegou, nem guardaremos seu hist\u00f3rico ou mesmo iremos repassar esses dados a terceiros de qualquer esp\u00e9cie. Os sites visitados ser\u00e3o analisados de forma anonimizada atrav\u00e9s do uso de cookies, tags, metatags e outros marcadores que sejam usados por n\u00f3s ou por pelos nossos parceiros, n\u00e3o sendo poss\u00edvel saber o conte\u00fado acessado e nem ler o que foi acessado. Durante a utiliza\u00e7\u00e3o do site, a fim de resguardar e de proteger os direitos de terceiros, o usu\u00e1rio do site dever\u00e1 fornecer somente seus dados pessoais, e n\u00e3o os de terceiros.<\/p>\n\n\n\n<h1 class=\"wp-block-heading\">Formul\u00e1rio de Contato<\/h1>\n\n\n\n<p>Caso o usu\u00e1rio tenha a op\u00e7\u00e3o de entrar em contato com o propriet\u00e1rio do site atrav\u00e9s do formul\u00e1rio de contato, sendo este condicionado ao fornecimento de seus dados pessoais. \u00c9 de total responsabilidade do usu\u00e1rio a garantia da veracidade e exatid\u00e3o dos dados fornecidos. Deste modo, N\u00c3O assumimos qualquer responsabilidade no caso de inexatid\u00e3o, omiss\u00e3o de informa\u00e7\u00e3o relevante, ou inser\u00e7\u00e3o de dados falsos que possam induzir em erro sobre o usu\u00e1rio. Nos comprometemos a n\u00e3o vender, divulgar, transferir ou de outra forma distribuir seus dados pessoais a terceiros.<\/p>\n\n\n\n<h1 class=\"wp-block-heading\">Cookies<\/h1>\n\n\n\n<p>Usamos cookies para aprender como voc\u00ea interage com o nosso conte\u00fado e para melhorar sua experi\u00eancia ao visitar o nosso website. Por exemplo, alguns cookies lembram o seu idioma ou prefer\u00eancias para que voc\u00ea n\u00e3o tenha que efetuar estas escolhas repetidamente sempre que visitar o nosso site. Al\u00e9m disso, os cookies permitem que ofere\u00e7amos conte\u00fado espec\u00edfico. Podemos empregar o que aprendemos sobre o seu comportamento no nosso website para oferecer an\u00fancios direcionados em website de terceiros em um esfor\u00e7o para \u201creapresentar\u201d nossos produtos e servi\u00e7os para voc\u00ea. Utilizamos tanto cookies prim\u00e1rios quanto cookies de terceiros no nosso website. Cookies prim\u00e1rios s\u00e3o cookies emitidos pelo nosso pr\u00f3prio dom\u00ednio e geralmente s\u00e3o utilizados para identificar prefer\u00eancias ou facilitar a funcionalidade b\u00e1sica do site. Cookies de terceiros pertencem e s\u00e3o administrados por outras empresas, tais com parceiros de neg\u00f3cios ou provedores de servi\u00e7o como o Facebook e Google. Disponibilizamos ainda em nosso site uma ferramenta para que sejam apagados os cookies emitidos por este.<\/p>\n\n\n\n<h1 class=\"wp-block-heading\">Disposi\u00e7\u00f5es gerais<\/h1>\n\n\n\n<p>Ao acessar o nosso site, voc\u00ea autoriza o uso cookies e os termos desta Pol\u00edtica. Caso n\u00e3o concorde com o uso de cookies ou com a pol\u00edtica dessa forma, voc\u00ea poder\u00e1: ajustar as configura\u00e7\u00f5es de seu navegador para n\u00e3o permitir o uso de cookies ou n\u00e3o acessar o nosso site. Lembramos que desabilitar o uso de cookies poder\u00e1 impactar na sua experi\u00eancia ao navegar em nosso site. Em caso de d\u00favidas ou demais solicita\u00e7\u00f5es Se voc\u00ea deseja exercer algum dos seus direitos em rela\u00e7\u00e3o \u00e0s suas informa\u00e7\u00f5es pessoais ou se tiver alguma d\u00favida sobre como usamos suas informa\u00e7\u00f5es pessoais, entre em contato conosco por meio da \u00e1rea de Contato deste website ou por meio do e-mail de Atendimento ao Cliente<\/p>\n\n\n\n<p>E-mail:&nbsp;cookies@estudioload.com<\/p>\n","protected":false},"excerpt":{"rendered":"<p>Navega\u00e7\u00e3o Quando qualquer usu\u00e1rio navega em nosso site, automaticamente s\u00e3o instalados cookies no navegador usado, e a cada p\u00e1gina que voc\u00ea navegar tamb\u00e9m poder\u00e3o ser eventualmente instalados cookies ou outros marcadores que ter\u00e3o suas funcionalidades. Tomaremos todas as medidas para que a coleta e tratamento dos dados sejam feitas de forma totalmente anonimizada, impedindo a [&hellip;]<\/p>\n","protected":false},"author":2,"featured_media":0,"parent":0,"menu_order":0,"comment_status":"closed","ping_status":"open","template":"","meta":{"_acf_changed":false,"footnotes":""},"class_list":["post-3","page","type-page","status-publish","hentry"],"acf":[],"_links":{"self":[{"href":"https:\/\/bramagran.com.br\/en\/wp-json\/wp\/v2\/pages\/3","targetHints":{"allow":["GET"]}}],"collection":[{"href":"https:\/\/bramagran.com.br\/en\/wp-json\/wp\/v2\/pages"}],"about":[{"href":"https:\/\/bramagran.com.br\/en\/wp-json\/wp\/v2\/types\/page"}],"author":[{"embeddable":true,"href":"https:\/\/bramagran.com.br\/en\/wp-json\/wp\/v2\/users\/2"}],"replies":[{"embeddable":true,"href":"https:\/\/bramagran.com.br\/en\/wp-json\/wp\/v2\/comments?post=3"}],"version-history":[{"count":2,"href":"https:\/\/bramagran.com.br\/en\/wp-json\/wp\/v2\/pages\/3\/revisions"}],"predecessor-version":[{"id":10,"href":"https:\/\/bramagran.com.br\/en\/wp-json\/wp\/v2\/pages\/3\/revisions\/10"}],"wp:attachment":[{"href":"https:\/\/bramagran.com.br\/en\/wp-json\/wp\/v2\/media?parent=3"}],"curies":[{"name":"wp","href":"https:\/\/api.w.org\/{rel}","templated":true}]}}